{"id":52,"date":"2014-10-03T18:39:37","date_gmt":"2014-10-03T16:39:37","guid":{"rendered":"http:\/\/wp.hoesbach.net\/?page_id=52"},"modified":"2014-10-06T19:34:08","modified_gmt":"2014-10-06T17:34:08","slug":"musikalische-frueherziehung","status":"publish","type":"page","link":"https:\/\/wp.hoesbach.net\/?page_id=52","title":{"rendered":"Musikalische Fr\u00fcherziehung"},"content":{"rendered":"<p><strong>Musikalische Fr\u00fcherziehung<br \/>\n<\/strong>Musik wird bei uns einmal die Woche in unserem Projekt gezielt gef\u00f6rdert. Am Nachmittag hei\u00dft es dann, der Musikkater schleicht herum\u2026<\/p>\n<p>In der Musikalischen Fr\u00fcherziehung geht es um das gemeinsame Singen und Tanzen, Orff-Instrumente kennenlernen und vieles mehr. Musik ist wichtig f\u00fcr die Entwicklung der Pers\u00f6nlichkeit der Kinder, die Musik spricht alle Sinne an.<\/p>\n<p>Den Kindern macht es Spa\u00df, jede Woche anhand des Konzepts \u201eMusik und Tanz f\u00fcr Kinder\u201c ein neues Thema zu erarbeiten. Beim Bau von einfachen Instrumenten, wie dem Kazoo oder auch dem Waldhorn aus einem Gartenschlauch wird es spannend. Dabei sammeln die Kinder viele Erfahrungen im musikalischen Bereich. Und vielleicht macht das Projekt Lust, sp\u00e4ter mal ein Instrument zu spielen oder im Chor zu singen.<\/p>\n","protected":false},"excerpt":{"rendered":"<p>Musikalische Fr\u00fcherziehung Musik wird bei uns einmal die Woche in unserem Projekt gezielt gef\u00f6rdert. Am Nachmittag hei\u00dft es dann, der Musikkater schleicht herum\u2026 In der Musikalischen Fr\u00fcherziehung geht es um das gemeinsame Singen und Tanzen, Orff-Instrumente kennenlernen und vieles mehr. &hellip; <a href=\"https:\/\/wp.hoesbach.net\/?page_id=52\">Weiterlesen <span class=\"meta-nav\">&rarr;<\/span><\/a><\/p>\n","protected":false},"author":1,"featured_media":0,"parent":0,"menu_order":0,"comment_status":"closed","ping_status":"closed","template":"","meta":{"footnotes":""},"class_list":["post-52","page","type-page","status-publish","hentry"],"_links":{"self":[{"href":"https:\/\/wp.hoesbach.net\/index.php?rest_route=\/wp\/v2\/pages\/52"}],"collection":[{"href":"https:\/\/wp.hoesbach.net\/index.php?rest_route=\/wp\/v2\/pages"}],"about":[{"href":"https:\/\/wp.hoesbach.net\/index.php?rest_route=\/wp\/v2\/types\/page"}],"author":[{"embeddable":true,"href":"https:\/\/wp.hoesbach.net\/index.php?rest_route=\/wp\/v2\/users\/1"}],"replies":[{"embeddable":true,"href":"https:\/\/wp.hoesbach.net\/index.php?rest_route=%2Fwp%2Fv2%2Fcomments&post=52"}],"version-history":[{"count":1,"href":"https:\/\/wp.hoesbach.net\/index.php?rest_route=\/wp\/v2\/pages\/52\/revisions"}],"predecessor-version":[{"id":53,"href":"https:\/\/wp.hoesbach.net\/index.php?rest_route=\/wp\/v2\/pages\/52\/revisions\/53"}],"wp:attachment":[{"href":"https:\/\/wp.hoesbach.net\/index.php?rest_route=%2Fwp%2Fv2%2Fmedia&parent=52"}],"curies":[{"name":"wp","href":"https:\/\/api.w.org\/{rel}","templated":true}]}}