{"id":31,"date":"2014-10-03T17:51:22","date_gmt":"2014-10-03T15:51:22","guid":{"rendered":"http:\/\/wp.hoesbach.net\/?page_id=31"},"modified":"2025-09-17T19:53:29","modified_gmt":"2025-09-17T17:53:29","slug":"schuelerbetreuung","status":"publish","type":"page","link":"https:\/\/wp.hoesbach.net\/?page_id=31","title":{"rendered":"Grundsch\u00fclerbetreuung"},"content":{"rendered":"<p>&nbsp;<\/p>\n<p><strong>Hort<a href=\"http:\/\/wp.hoesbach.net\/wp-content\/uploads\/2021\/01\/Logo-Hort-2021-2.png\"><img loading=\"lazy\" decoding=\"async\" class=\"size-medium wp-image-1310 alignleft\" src=\"http:\/\/wp.hoesbach.net\/wp-content\/uploads\/2021\/01\/Logo-Hort-2021-2-300x130.png\" alt=\"\" width=\"300\" height=\"130\" srcset=\"https:\/\/wp.hoesbach.net\/wp-content\/uploads\/2021\/01\/Logo-Hort-2021-2-300x130.png 300w, https:\/\/wp.hoesbach.net\/wp-content\/uploads\/2021\/01\/Logo-Hort-2021-2.png 432w\" sizes=\"(max-width: 300px) 100vw, 300px\" \/><\/a><br \/>\n<\/strong>Sch\u00f6llkrippener Str. 36a<br \/>\n63768 H\u00f6sbach<br \/>\nTel.: 06021 &#8211; 6299360<br \/>\nFax: 06021 6299396<br \/>\n<a href=\"mailto:horthoesbach@web.de\">horthoesbach@web.de<\/a><\/p>\n<p><strong><a href=\"http:\/\/wp.hoesbach.net\/wp-content\/uploads\/2021\/01\/Logo-Mittagsbetreuung-2020.png\"><img loading=\"lazy\" decoding=\"async\" class=\"size-medium wp-image-1311 alignleft\" src=\"http:\/\/wp.hoesbach.net\/wp-content\/uploads\/2021\/01\/Logo-Mittagsbetreuung-2020-300x145.png\" alt=\"\" width=\"300\" height=\"145\" srcset=\"https:\/\/wp.hoesbach.net\/wp-content\/uploads\/2021\/01\/Logo-Mittagsbetreuung-2020-300x145.png 300w, https:\/\/wp.hoesbach.net\/wp-content\/uploads\/2021\/01\/Logo-Mittagsbetreuung-2020.png 534w\" sizes=\"(max-width: 300px) 100vw, 300px\" \/><\/a>Mittagsbetreuung an der Astrid Lindgren Grundschule<br \/>\n<\/strong>Jahnstra\u00dfe 1<br \/>\n63768 H\u00f6sbach<br \/>\nTel.: 06021 &#8211; 5003808<br \/>\nFax: 06021 4431347 <a href=\"mittagsbetreuunghoesbach@web.de\">mittagsbetreuunghoesbach@web.de<\/a><\/p>\n<p>&nbsp;<\/p>\n<p><strong>Vielf\u00e4ltiges Angebot f\u00fcr Sch\u00fcler<br \/>\n<\/strong>Wir betreuen angemeldete Grundsch\u00fcler nach dem Unterricht an allen Schultagen. Die Sch\u00fcler erledigen ihre Hausaufgaben in einer ruhigen und betreuten Umgebung. Das engagierte Team von Erziehern und P\u00e4dagogen bietet jeden Tag attraktive Freizeitgestaltung f\u00fcr drinnen und drau\u00dfen. Die Angebote, wie Spiele, Sport oder Experimentieren mit Materialien und Farben f\u00f6rdern die Gemeinsamkeit und die Eigeninitiative der Kinder und Jugendlichen. Die Sch\u00fcler k\u00f6nnen jeden Tag zwischen zwei frisch zubereiteten und kindgerechten Mittagessen w\u00e4hlen (optional). Auch in den Ferien ist die Betreuung m\u00f6glich.<\/p>\n<p><strong>Im Team f\u00fcr Ihr Kind<br \/>\n<\/strong>Die Mitarbeiter\/innen der Mittagsbetreuung und des Horts sind engagiert und berufserfahren. Sie arbeiten eng mit Eltern und den Lehrkr\u00e4ften der Schulen zusammen. Gerne informieren wir Sie im Detail \u00fcber die Betreuung der Grundsch\u00fcler. Wir haben eine Brosch\u00fcre f\u00fcr Sie zusammengestellt und stehen Ihnen gerne jederzeit f\u00fcr Fragen zur Verf\u00fcgung.<\/p>\n<p>F\u00fcr die Mittagsbetreuung finden Sie weitere Informationen\u00a0 in unserem\u00a0<a href=\"http:\/\/wp.hoesbach.net\/wp-content\/uploads\/2024\/04\/Flyer_Mittagsbetreuung2024.pdf\">Flyer_Mittagsbetreuung<\/a>. Die Vertr\u00e4ge f\u00fcr die Mittagsbetreuung sind immer f\u00fcr ein Schuljahr g\u00fcltig. <strong>Die Kinder m\u00fcssen bei Bedarf j\u00e4hrlich neu angemeldet werden.<\/strong><\/p>\n<p>F\u00fcr den Hort erhalten Sie weitere Informationen in unserem<a href=\"http:\/\/wp.hoesbach.net\/wp-content\/uploads\/2024\/04\/Flyer_Hort2024.pdf\">Flyer_Hort<\/a> . Die Hortvertr\u00e4ge haben eine G\u00fcltigkeit \u00fcber die gesamte Grundschulzeit. Eine Anpassung des Vertrages muss mit einer Abgabe f\u00fcr Buchungszeiten\u00e4nderung mitgeteilt werden.<\/p>\n<p>Die Buchunszeiten\u00e4nderung muss gepr\u00fcft werden und tritt erst durch eine Vertrags\u00e4nderung in Kraft. Die Monate Juli und August sind von Buchungs\u00e4nderungen ausgeschlossen.<\/p>\n<p>Die Betreuungskosten des Hortes k\u00f6nnen Sie der Buchungszeiten\u00e4nderung entnehmen.<\/p>\n<p>Sie m\u00f6chten Ihre Buchungszeiten ver\u00e4ndern? <a href=\"http:\/\/wp.hoesbach.net\/wp-content\/uploads\/2024\/11\/Buchungszeiten-Aenderung-Hort.pdf\">Buchungszeiten \u00c4nderung Hort<\/a><\/p>\n<p><strong>Anmeldezeitraum f\u00fcr das Schuljahr 2025\/2026 ist abgeschlossen. Aktuell keine Platzkapazit\u00e4t vorhanden!<\/strong><\/p>\n<p>Der Anmeldungszeitraum findet parallel zur Schuleinschreibungen eines jeden Jahres, im Fr\u00fchjahr vor der Einschulung statt!<\/p>\n<p>&nbsp;<\/p>\n<p>Die M\u00f6glichkeit zur Anmeldung finden Sie zur gegebenen Zeit im <a href=\"https:\/\/www.buergerserviceportal.de\/bayern\/hoesbach\/bsp_kita_anmeldung\">Anmeldeportal<\/a> auf der Homepage des Marktes H\u00f6sbach. Bitte beachten Sie, diese Anmeldem\u00f6glichkeit ist nur zeitweise freigeschaltet. Die zeitliche Begrenzung erm\u00f6glicht eine rechtzeitige Planung f\u00fcr das jeweilige Schuljahr.<\/p>\n<p>Die Pl\u00e4tze werden nach verschiedenen <a href=\"http:\/\/wp.hoesbach.net\/wp-content\/uploads\/2024\/06\/Aufnahmekriterien.pdf\">Aufnahmekriterien<\/a><a href=\"http:\/\/wp.hoesbach.net\/wp-content\/uploads\/2024\/06\/Aufnahmekriterien.pdf\">\u00a0<span style=\"color: #000000;\"> vergeben.<\/span><\/a><\/p>\n<p>&nbsp;<\/p>\n<p style=\"text-align: center;\"><strong>Alle Anmeldungen im Zeitraum der Portal\u00f6ffnung werden bis Juni des Jahres bearbeitet.<\/strong><\/p>\n<p style=\"text-align: center;\"><strong>Ist das Portal geschlossen<\/strong> k\u00f6nnen Sie den Bedarf per Mail mitteilen.<\/p>\n<p style=\"text-align: center;\"><span class=\"username nx-config-userinfo-email\">So melden Sie w\u00e4hrend des Jahres Ihr Kind an: <\/span><\/p>\n<p style=\"text-align: center;\"><span class=\"username nx-config-userinfo-email\">Mail an<\/span><\/p>\n<p style=\"text-align: center;\"><span class=\"username nx-config-userinfo-email\" style=\"color: #3366ff;\">michaelverein.grundschulbetreuung@web.de<\/span><\/p>\n<p style=\"text-align: left;\">Notwendige Angaben:<\/p>\n<p style=\"text-align: left;\">Name des Kindes<\/p>\n<p style=\"text-align: left;\">Geburtsdatum und Klasse<\/p>\n<p style=\"text-align: left;\">Adresse<\/p>\n<p style=\"text-align: left;\">Name der Erziehungsberechtigten<\/p>\n<p style=\"text-align: left;\">Betreuungstage<\/p>\n<p style=\"text-align: left;\">sowie Betreuungsart Mittagsbetreuung bis 14 Uhr oder Hort bis max 17 Uhr<\/p>\n","protected":false},"excerpt":{"rendered":"<p>&nbsp; Hort Sch\u00f6llkrippener Str. 36a 63768 H\u00f6sbach Tel.: 06021 &#8211; 6299360 Fax: 06021 6299396 horthoesbach@web.de Mittagsbetreuung an der Astrid Lindgren Grundschule Jahnstra\u00dfe 1 63768 H\u00f6sbach Tel.: 06021 &#8211; 5003808 Fax: 06021 4431347 mittagsbetreuunghoesbach@web.de &nbsp; Vielf\u00e4ltiges Angebot f\u00fcr Sch\u00fcler Wir betreuen &hellip; <a href=\"https:\/\/wp.hoesbach.net\/?page_id=31\">Weiterlesen <span class=\"meta-nav\">&rarr;<\/span><\/a><\/p>\n","protected":false},"author":1,"featured_media":0,"parent":0,"menu_order":0,"comment_status":"closed","ping_status":"closed","template":"","meta":{"footnotes":""},"class_list":["post-31","page","type-page","status-publish","hentry"],"_links":{"self":[{"href":"https:\/\/wp.hoesbach.net\/index.php?rest_route=\/wp\/v2\/pages\/31"}],"collection":[{"href":"https:\/\/wp.hoesbach.net\/index.php?rest_route=\/wp\/v2\/pages"}],"about":[{"href":"https:\/\/wp.hoesbach.net\/index.php?rest_route=\/wp\/v2\/types\/page"}],"author":[{"embeddable":true,"href":"https:\/\/wp.hoesbach.net\/index.php?rest_route=\/wp\/v2\/users\/1"}],"replies":[{"embeddable":true,"href":"https:\/\/wp.hoesbach.net\/index.php?rest_route=%2Fwp%2Fv2%2Fcomments&post=31"}],"version-history":[{"count":44,"href":"https:\/\/wp.hoesbach.net\/index.php?rest_route=\/wp\/v2\/pages\/31\/revisions"}],"predecessor-version":[{"id":1308,"href":"https:\/\/wp.hoesbach.net\/index.php?rest_route=\/wp\/v2\/pages\/31\/revisions\/1308"}],"wp:attachment":[{"href":"https:\/\/wp.hoesbach.net\/index.php?rest_route=%2Fwp%2Fv2%2Fmedia&parent=31"}],"curies":[{"name":"wp","href":"https:\/\/api.w.org\/{rel}","templated":true}]}}