{"id":27,"date":"2014-10-03T17:48:28","date_gmt":"2014-10-03T15:48:28","guid":{"rendered":"http:\/\/wp.hoesbach.net\/?page_id=27"},"modified":"2025-01-28T13:29:07","modified_gmt":"2025-01-28T12:29:07","slug":"der-verein","status":"publish","type":"page","link":"https:\/\/wp.hoesbach.net\/?page_id=27","title":{"rendered":"Der Verein"},"content":{"rendered":"<p>Der St. Michaelverein e.V. H\u00f6sbach besch\u00e4ftigt sich seit jeher mit der Betreuung und F\u00f6rderung von Kindern und Jugendlichen sowie der Unterst\u00fctzung hilfsbed\u00fcrftiger Menschen in H\u00f6sbach. Der Verein ging 1958 aus der \u00f6rtlichen Niederlassung des Johanniszweigvereins hervor.<\/p>\n<p>Der 1901 gegr\u00fcndete Kindergarten (heute Kindergarten St. Elisabeth) fand von Anfang an gro\u00dfen Anklang. Viele M\u00fctter mussten damals neben der Hausarbeit in der Landwirtschaft oder im Tagelohn arbeiten und empfanden den Kindergarten als gro\u00dfe Erleichterung. In der folgenden Zeit wurde mehr Platz und Personal f\u00fcr die Betreuung der Kinder ben\u00f6tigt. 1977 erfolgte die Einweihung des Kindergartens St. Martin.<\/p>\n<p>Seit 2006 erweiterte der Verein sein Bet\u00e4tigungsfeld und \u00fcbernahm in H\u00f6sbach die Betreuung der Grundsch\u00fcler und f\u00fcr drei Jahre die offene Ganztagsschulbetreuung der Mittelschule H\u00f6sbach.<\/p>\n<p>Seit 1980 unterst\u00fctzt der St. Michaelverein mit einem Teil seiner Mitgliedsbeitr\u00e4ge die Caritas-Sozialstation St. Stephanus e.V., die kranke oder behinderte Menschen pflegt und Angeh\u00f6rigen bei allen Fragen zur Seite steht.<\/p>\n<p><strong>Wer kann Mitglied werden?<br \/>\n<\/strong>\u2026 Privatpersonen und Firmen.<\/p>\n<p><strong>Wof\u00fcr werden die Mitgliedsbeitr\u00e4ge genutzt?<br \/>\n<\/strong>\u2026f\u00fcr notwendige Investitionen und Bauma\u00dfnahmen in unseren Kinderg\u00e4rten<br \/>\n\u2026f\u00fcr au\u00dferordentliche Projekte mit den Kindern<br \/>\n\u2026f\u00fcr die Unterst\u00fctzung der Caritas-Sozialstation<\/p>\n<p>Weitere Informationen finden Sie in unserem Flyer <a href=\"http:\/\/wp.hoesbach.net\/wp-content\/uploads\/2021\/06\/Flyer_Michaelverein-2021.pdf\">2021<\/a><\/p>\n<p><strong>Der Verein und seine Organe<\/strong><br \/>\n<strong>Vorstand<\/strong><br \/>\nVorsitzender:\u00a0\u00a0\u00a0\u00a0\u00a0\u00a0\u00a0\u00a0\u00a0\u00a0\u00a0 Michael Baumann<br \/>\nstv. Vorsitzende:\u00a0\u00a0 \u00a0\u00a0 Daniela Rausch<br \/>\nstv. Vorsitzender:\u00a0 \u00a0 Pfr. Matthias Rosenberger<br \/>\nKassier:\u00a0\u00a0\u00a0\u00a0\u00a0\u00a0\u00a0\u00a0\u00a0\u00a0\u00a0\u00a0\u00a0\u00a0\u00a0\u00a0\u00a0\u00a0\u00a0\u00a0\u00a0 Kwang Naijanart<br \/>\nSchriftf\u00fchrerin:\u00a0\u00a0\u00a0\u00a0\u00a0\u00a0\u00a0 Pia Merz<\/p>\n<p><strong>Der Beirat<\/strong> ber\u00e4t und unterst\u00fctzt den Vorstand in allen wichtigen\u00a0 Fragen.<br \/>\nSeine Mitglieder sind:<\/p>\n<p style=\"text-align: left;\">Amrhein Daniela<br \/>\nBienefeld Simone<br \/>\nHouben Frank<br \/>\nLentzkow Babsi<br \/>\nRausch Ursula<br \/>\nRosenberger Renate<br \/>\nTomaschek Arnold<br \/>\nTomaschek-Dyroff Nadine<br \/>\nV\u00f6lker Annette<br \/>\nWelzbacher Sonja<\/p>\n","protected":false},"excerpt":{"rendered":"<p>Der St. Michaelverein e.V. H\u00f6sbach besch\u00e4ftigt sich seit jeher mit der Betreuung und F\u00f6rderung von Kindern und Jugendlichen sowie der Unterst\u00fctzung hilfsbed\u00fcrftiger Menschen in H\u00f6sbach. Der Verein ging 1958 aus der \u00f6rtlichen Niederlassung des Johanniszweigvereins hervor. Der 1901 gegr\u00fcndete Kindergarten &hellip; <a href=\"https:\/\/wp.hoesbach.net\/?page_id=27\">Weiterlesen <span class=\"meta-nav\">&rarr;<\/span><\/a><\/p>\n","protected":false},"author":1,"featured_media":0,"parent":0,"menu_order":0,"comment_status":"closed","ping_status":"closed","template":"","meta":{"footnotes":""},"class_list":["post-27","page","type-page","status-publish","hentry"],"_links":{"self":[{"href":"https:\/\/wp.hoesbach.net\/index.php?rest_route=\/wp\/v2\/pages\/27"}],"collection":[{"href":"https:\/\/wp.hoesbach.net\/index.php?rest_route=\/wp\/v2\/pages"}],"about":[{"href":"https:\/\/wp.hoesbach.net\/index.php?rest_route=\/wp\/v2\/types\/page"}],"author":[{"embeddable":true,"href":"https:\/\/wp.hoesbach.net\/index.php?rest_route=\/wp\/v2\/users\/1"}],"replies":[{"embeddable":true,"href":"https:\/\/wp.hoesbach.net\/index.php?rest_route=%2Fwp%2Fv2%2Fcomments&post=27"}],"version-history":[{"count":17,"href":"https:\/\/wp.hoesbach.net\/index.php?rest_route=\/wp\/v2\/pages\/27\/revisions"}],"predecessor-version":[{"id":2060,"href":"https:\/\/wp.hoesbach.net\/index.php?rest_route=\/wp\/v2\/pages\/27\/revisions\/2060"}],"wp:attachment":[{"href":"https:\/\/wp.hoesbach.net\/index.php?rest_route=%2Fwp%2Fv2%2Fmedia&parent=27"}],"curies":[{"name":"wp","href":"https:\/\/api.w.org\/{rel}","templated":true}]}}