{"id":2,"date":"2014-09-05T04:41:07","date_gmt":"2014-09-05T04:41:07","guid":{"rendered":"http:\/\/localhost\/wordpress-4.0\/wordpress\/?page_id=2"},"modified":"2025-10-27T09:19:57","modified_gmt":"2025-10-27T08:19:57","slug":"sample-page","status":"publish","type":"page","link":"https:\/\/wp.hoesbach.net\/?page_id=2","title":{"rendered":"St. Martin Kinderkrippe und Kindergarten"},"content":{"rendered":"<p><a href=\"http:\/\/wp.hoesbach.net\/wp-content\/uploads\/2020\/05\/Krippenstempel3AUSEINANDER.jpg\"><img loading=\"lazy\" decoding=\"async\" class=\"wp-image-1159 alignleft\" src=\"http:\/\/wp.hoesbach.net\/wp-content\/uploads\/2020\/05\/Krippenstempel3AUSEINANDER-300x175.jpg\" alt=\"Kinderkrippe St. Martin\" width=\"207\" height=\"121\" srcset=\"https:\/\/wp.hoesbach.net\/wp-content\/uploads\/2020\/05\/Krippenstempel3AUSEINANDER-300x175.jpg 300w, https:\/\/wp.hoesbach.net\/wp-content\/uploads\/2020\/05\/Krippenstempel3AUSEINANDER-1024x598.jpg 1024w, https:\/\/wp.hoesbach.net\/wp-content\/uploads\/2020\/05\/Krippenstempel3AUSEINANDER-768x448.jpg 768w, https:\/\/wp.hoesbach.net\/wp-content\/uploads\/2020\/05\/Krippenstempel3AUSEINANDER.jpg 1292w\" sizes=\"(max-width: 207px) 100vw, 207px\" \/><\/a><strong>Eingang \u00fcber den Spielplatz <\/strong><strong>Hauenboden<\/strong><\/p>\n<p>Mail to: <a href=\"mailto:krippehoesbach@web.de\">krippehoesbach@web.de<\/a><\/p>\n<h3><\/h3>\n<pre><strong>\u00d6ffnungszeiten der Kinderkrippe<\/strong> \r\n\r\nt\u00e4glich ab 07:30 Uhr bis 15 Uhr<\/pre>\n<p>&nbsp;<\/p>\n<p>&nbsp;<\/p>\n<h3><span style=\"color: #000000; font-family: Calibri;\"> <a href=\"http:\/\/wp.hoesbach.net\/wp-content\/uploads\/2014\/09\/Logo_St.Martinl_bearbeitet-1.jpg\"><img loading=\"lazy\" decoding=\"async\" class=\"wp-image-14 alignleft\" src=\"http:\/\/wp.hoesbach.net\/wp-content\/uploads\/2014\/09\/Logo_St.Martinl_bearbeitet-1-300x186.jpg\" alt=\"\" width=\"219\" height=\"136\" srcset=\"https:\/\/wp.hoesbach.net\/wp-content\/uploads\/2014\/09\/Logo_St.Martinl_bearbeitet-1-300x186.jpg 300w, https:\/\/wp.hoesbach.net\/wp-content\/uploads\/2014\/09\/Logo_St.Martinl_bearbeitet-1.jpg 313w\" sizes=\"(max-width: 219px) 100vw, 219px\" \/><\/a><\/span><span style=\"color: #000000; font-family: Calibri;\"><strong>Kindergarten St. Martin<br \/>\n<\/strong>Kirchenstra\u00dfe 35<br \/>\n63768 H\u00f6sbach<br \/>\nTel. 06021 \/ 5 38 72<br \/>\n<\/span><\/h3>\n<h3 style=\"padding-left: 40px;\"><span style=\"color: #000000; font-family: Calibri;\">Mail to:<a href=\"mailto:kindergartenmartin@web.de\">kindergartenmartin@web.de<\/a><br \/>\n<\/span><\/h3>\n<pre><strong>\u00d6ffnungszeiten des Kindergartens\r\n<\/strong>\r\n\r\nt\u00e4glich 07:15 Uhr bis 16:00 Uhr\r\n\r\nfreitags bis 15\u00a0 Uhr<\/pre>\n<p>Die angebotenen \u00d6ffnungszeiten orientieren sich an dem tats\u00e4chlichen Bedarf der Erziehungsberechtigten. Dieser wird j\u00e4hrlich in einer Bedarfsumfrage ermittelt.<\/p>\n<p>Sollte sich der Betreuungsbedarf w\u00e4hrend des Jahres \u00e4ndern, haben Sie die M\u00f6glichkeit dies \u00fcber die Buchungszeiten\u00e4nderung mitzuteilen.<\/p>\n<p>Die Umbuchung ist bis sp\u00e4testens zum 15. des Vormonats abzugeben. Erst nach einer \u00dcberpr\u00fcfung kann die gew\u00fcnschte \u00c4nderung genehmigt werden. In den Monaten Juli und August sind keine \u00c4nderungen m\u00f6glich.<\/p>\n<p>\u00c4nderungen von Betreuungszeiten in der Krippe sind aufgrund der geringen Pl\u00e4tze und des damit verbundenen Personalspiegels, sowie der Nutzung durch individuelle Platzbelegung nur bedingt m\u00f6glich.<\/p>\n<p>Die Betreuungskosten k\u00f6nnen Sie der Buchungszeiten\u00e4nderung entnehmen.<\/p>\n<p>Aktuelle Nachrichten und Informationen f\u00fcr St. Martin finden Sie immer im &#8222;Frechdachs&#8220;.<br \/>\nF\u00fcr beide Kinderg\u00e4rten gilt ein gemeinsames <a title=\"p\u00e4dagogischen Konzept\" href=\"http:\/\/wp.hoesbach.net\/?page_id=54\">p\u00e4dagogisches Konzept. Mehr?<\/a><br \/>\nInformationen zur <a title=\"Musikalische Fr\u00fcherziehung\" href=\"http:\/\/wp.hoesbach.net\/?page_id=52\">musikalischen Fr\u00fcherziehung finde Sie hier<\/a>.<\/p>\n<p>Sie m\u00f6chten Buchungszeiten \u00e4ndern oder Ihr Kind zum Mittagessen anmelden?<\/p>\n<ul>\n<li>Kindergarten St. Martin Buchungszeiten <a href=\"http:\/\/wp.hoesbach.net\/wp-content\/uploads\/2025\/10\/Buchungszeiten-Aenderung-Martin-ab-Sep-2025.pdf\">Buchungszeiten \u00c4nderung Martin\u00a0<\/a><\/li>\n<li>Sie m\u00f6chten Ihr Kind zum Essen anmelden? <a href=\"http:\/\/wp.hoesbach.net\/wp-content\/uploads\/2025\/10\/Anmeldung-Essen-2025-St.-Martin.pdf\">Anmeldung Essen 2025 St. Martin<\/a><\/li>\n<li>Kinderkrippe St. Martin Buchungszeiten <a href=\"http:\/\/wp.hoesbach.net\/wp-content\/uploads\/2024\/11\/Buchungszeiten-Aenderung-Martin-Krippe-2025.pdf\">Buchungszeiten \u00c4nderung Martin Krippe 2025<\/a><\/li>\n<\/ul>\n<p>Sie m\u00f6chten Ihr Kind in unserer Einrichtung anmelden?<\/p>\n<p>Sie m\u00f6chten Ihr Kind in unserer Einrichtung anmelden? Seit Oktober 2021 ist dies \u00fcber die Homepage des Markt H\u00f6sbachs m\u00f6glich, hier stehen Ihnen alle Einrichtungen zur Anmeldung unter Kitaplatz zur Verf\u00fcgung. <a href=\"https:\/\/www.buergerserviceportal.de\/bayern\/hoesbach\/bsp_kita_anmeldung\">Anmeldeportal<\/a><\/p>\n<p><strong>Alle bisher schon angemeldeten Kinder, welche noch keine Vertragsunterlagen haben, m\u00fcssen bitte erneut angemeldet werden!<\/strong><\/p>\n<p>Ihre Anmeldungen werden im Fr\u00fchjahr des Aufnahmejahrs bearbeitet., z. B. bei Aufnahme zum September 2026 oder Dezember 2026, erfolgt die Bearbeitung im Fr\u00fchjahr 2026.<\/p>\n<p>Eine Aufnahme von Kindern w\u00e4hrend des Jahres ist nur bei freien Pl\u00e4tzen m\u00f6glich. Hauptaufnahme der Kinder erfolgt zum neuen Kindergartenjahr, da durch die Einschulung die Pl\u00e4tze frei werden.<\/p>\n<p>Liebe Eltern bitte beachten Sie, dass wir grunds\u00e4tzlich keine Anmeldung vor der Geburt des Kindes annehmen!<\/p>\n<p><span style=\"font-family: 'Arial','sans-serif'; font-size: 11pt;\"><span style=\"color: #000000;\">\u00a0<\/span><\/span><\/p>\n<h1>Generalsanierung von St. Martin.<\/h1>\n<h2>Das Hauptgeb\u00e4ude<\/h2>\n<h4>Nach zwei Jahren ist die Generalsanierung des Kindergartens abgeschlossen. Zwei Jahre in denen die Sanierung und der Kindergarten gleichzeitig betrieben wurden. Da gab es nat\u00fcrlich immer wieder St\u00f6rungen f\u00fcr den Kindergarten aber auch Einschr\u00e4nkungen bei der Geb\u00e4udesanierung. Wir k\u00f6nnen den Beteiligten, den Kindern, den Eltern, unseren Mitarbeiterinnen, der Bauleitung und den Nachbarn an dieser Stelle nur unseren Dank aussprechen.<\/h4>\n<h4>Wir danken auch dem Markt H\u00f6sbach f\u00fcr seine unkomplizierte, entgegenkommende Unterst\u00fctzung. Wann immer wir Fragen oder Anliegen vorbrachten erhielten wir schnellen und kompetenten\u00a0 Support.<\/h4>\n<h2>Erneuerung der Au\u00dfenanlage<\/h2>\n<h4>Nun muss noch die Au\u00dfenanlage erneuert werden. Nat\u00fcrlich kommt es auch da wieder zu St\u00f6rungen des Kindergartenbetriebes und\u00a0 der Nachbarschaft. Wir bitten auch hier um Nachsicht.<\/h4>\n<h2>Energie und Nebenkosten<\/h2>\n<h4>Nat\u00fcrlich haben wir bei der Sanierung des Geb\u00e4udes auch die energetische Sanierung einbezogen. Das ist ja auch nicht anders m\u00f6glich. Die Au\u00dfenhaut des Kindergartens wurde isoliert. Moderne, energiesparende L\u00fcftungsanlagen installiert und im gesamten Geb\u00e4ude kamen LED Leuchtmittel zum Einsatz. Das sichert uns in Zeiten steigender Energiekosten hoffentlich \u00fcberschaubare Nebenkosten beim Betrieb des Kindergartens.<\/h4>\n<h4>Beim Wasser setzen wir auf Regenwassernutzung im Au\u00dfenbereich. Die Kosten von ca. 10.000.- Euro waren zun\u00e4chst nicht eingeplant. Mit Unterst\u00fctzung durch den Markt H\u00f6sbach, der 80% der Kosten \u00fcbernahm war dies m\u00f6glich.<\/h4>\n<h2>F\u00f6rderung im Rahmen der Nationalen Klimaschutzinitiative des Bundesumweltministeriums<\/h2>\n<h4>Mit Unterst\u00fctzung der &#8222;BfT Energieberatungs GmbH&#8220; konnten f\u00fcr den Einbau der LED- und L\u00fcftungstechnik F\u00f6rdermittel der Bundesregierung in H\u00f6he von 33.715.- Euro genutzt werden.<\/h4>\n<h4>Wir bedanken uns herzlichst f\u00fcr die erhaltene F\u00f6rderung.<br \/>\n<a href=\"http:\/\/wp.hoesbach.net\/wp-content\/uploads\/2019\/07\/F\u00f6rderung-LED.pdf\">F\u00f6rderung LED<\/a> <a href=\"http:\/\/wp.hoesbach.net\/wp-content\/uploads\/2019\/07\/F\u00f6rderung-RLT.pdf\">F\u00f6rderung RLT<\/a><br \/>\n<a href=\"http:\/\/wp.hoesbach.net\/wp-content\/uploads\/2019\/07\/F\u00f6rderung-RLT.pdf\">F\u00f6rderung RLT<\/a><\/h4>\n","protected":false},"excerpt":{"rendered":"<p>Eingang \u00fcber den Spielplatz Hauenboden Mail to: krippehoesbach@web.de \u00d6ffnungszeiten der Kinderkrippe t\u00e4glich ab 07:30 Uhr bis 15 Uhr &nbsp; &nbsp; Kindergarten St. Martin Kirchenstra\u00dfe 35 63768 H\u00f6sbach Tel. 06021 \/ 5 38 72 Mail to:kindergartenmartin@web.de \u00d6ffnungszeiten des Kindergartens t\u00e4glich 07:15 &hellip; <a href=\"https:\/\/wp.hoesbach.net\/?page_id=2\">Weiterlesen <span class=\"meta-nav\">&rarr;<\/span><\/a><\/p>\n","protected":false},"author":1,"featured_media":0,"parent":0,"menu_order":0,"comment_status":"closed","ping_status":"open","template":"","meta":{"footnotes":""},"class_list":["post-2","page","type-page","status-publish","hentry"],"_links":{"self":[{"href":"https:\/\/wp.hoesbach.net\/index.php?rest_route=\/wp\/v2\/pages\/2"}],"collection":[{"href":"https:\/\/wp.hoesbach.net\/index.php?rest_route=\/wp\/v2\/pages"}],"about":[{"href":"https:\/\/wp.hoesbach.net\/index.php?rest_route=\/wp\/v2\/types\/page"}],"author":[{"embeddable":true,"href":"https:\/\/wp.hoesbach.net\/index.php?rest_route=\/wp\/v2\/users\/1"}],"replies":[{"embeddable":true,"href":"https:\/\/wp.hoesbach.net\/index.php?rest_route=%2Fwp%2Fv2%2Fcomments&post=2"}],"version-history":[{"count":60,"href":"https:\/\/wp.hoesbach.net\/index.php?rest_route=\/wp\/v2\/pages\/2\/revisions"}],"predecessor-version":[{"id":2120,"href":"https:\/\/wp.hoesbach.net\/index.php?rest_route=\/wp\/v2\/pages\/2\/revisions\/2120"}],"wp:attachment":[{"href":"https:\/\/wp.hoesbach.net\/index.php?rest_route=%2Fwp%2Fv2%2Fmedia&parent=2"}],"curies":[{"name":"wp","href":"https:\/\/api.w.org\/{rel}","templated":true}]}}