{"id":16,"date":"2014-10-03T14:58:01","date_gmt":"2014-10-03T14:58:01","guid":{"rendered":"http:\/\/wp.hoesbach.net\/?page_id=16"},"modified":"2025-10-27T09:23:55","modified_gmt":"2025-10-27T08:23:55","slug":"st-elisabeth","status":"publish","type":"page","link":"https:\/\/wp.hoesbach.net\/?page_id=16","title":{"rendered":"St. Elisabeth"},"content":{"rendered":"<p><a href=\"http:\/\/wp.hoesbach.net\/wp-content\/uploads\/2014\/10\/Logo-St-Elisabeth.jpg\"><img loading=\"lazy\" decoding=\"async\" class=\"size-full wp-image-17 alignleft\" src=\"http:\/\/wp.hoesbach.net\/wp-content\/uploads\/2014\/10\/Logo-St-Elisabeth.jpg\" alt=\"Logo St Elisabeth\" width=\"300\" height=\"199\" \/><\/a><\/p>\n<p>Katholischer Kindergarten St. Elisabeth<br \/>\nBrunnenstra\u00dfe 40<br \/>\n63768 H\u00f6sbach Tel. 06021 \/ 5 24 77<br \/>\n<a href=\"mailto:kiga_elisabeth@yahoo.de\">kindergartenelisabeth@web.de<\/a><\/p>\n<p>&nbsp;<\/p>\n<pre><strong>\u00d6ffnungszeiten\r\nt\u00e4glich ab 07:15 Uhr\r\nMontag bis 16 Uhr\r\nDienstag bis Donnerstag bis 15 Uhr\r\nFreitag bis 14:30 Uhr<\/strong><\/pre>\n<pre>\r\nDie angebotenen \u00d6ffnungszeiten orientieren\r\nsich an dem tats\u00e4chlichen Bedarf der\r\nErziehungsberechtigten. Dieser wird\r\nj\u00e4hrlich in einer Bedarfsumfrage ermittelt.<\/pre>\n<p>&nbsp;<\/p>\n<p>Aktuelle Nachrichten und Informationen f\u00fcr St. Elisabeth finden Sie immer im &#8222;Strolch&#8220;.<br \/>\nF\u00fcr beide Kinderg\u00e4rten gilt ein gemeinsames <a title=\"p\u00e4dagogischen Konzept\" href=\"http:\/\/wp.hoesbach.net\/?page_id=54\">p\u00e4dagogisches Konzept. Mehr?<\/a><br \/>\nInformationen zur <a title=\"Musikalische Fr\u00fcherziehung\" href=\"http:\/\/wp.hoesbach.net\/?page_id=52\">musikalischen Fr\u00fcherziehung finden Sie hier<\/a>.<\/p>\n<p>Sollte sich der Betreuungsbedarf w\u00e4hrend des Jahres \u00e4ndern, haben Sie die M\u00f6glichkeit dies \u00fcber die Buchungszeiten\u00e4nderung mitzuteilen.<\/p>\n<p>Die Umbuchung ist bis sp\u00e4testens zum 15. des Vormonats abzugeben. Erst nach einer \u00dcberpr\u00fcfung kann die gew\u00fcnschte \u00c4nderung genehmigt werden. In den Monaten Juli und August sind keine \u00c4nderungen m\u00f6glich.<\/p>\n<p>Die Betreuungskosten k\u00f6nnen Sie der Buchungszeiten\u00e4nderung entnehmen.<\/p>\n<p>Sie m\u00f6chten Ihre Buchungszeiten ver\u00e4ndern?<a href=\"http:\/\/wp.hoesbach.net\/wp-content\/uploads\/2025\/10\/Buchungszeiten-Aenderung-Elisabeth-ab-Januar-2025.pdf\">Buchungszeiten \u00c4nderung Elisabeth ab Januar 2025<\/a><\/p>\n<p>Sie m\u00f6chten Ihr Kind zum Essen anmelden? <a href=\"http:\/\/wp.hoesbach.net\/wp-content\/uploads\/2025\/10\/Anmeldung-Essen-2025-St.-Elisabeth.pdf\">Anmeldung Essen 2025 St. Elisabeth<\/a><\/p>\n<p>Anmeldung<\/p>\n<p>Sie m\u00f6chten Ihr Kind in unserer Einrichtung anmelden? Seit Oktober 2021 ist dies auf der Homepage des Markt H\u00f6sbachs m\u00f6glich, hier stehen Ihnen alle Einrichtungen zur Anmeldung unter Kitaplatz zur Verf\u00fcgung.<a href=\"https:\/\/https:\/\/www.buergerserviceportal.de\/bayern\/hoesbach\/bsp_kita_anmeldung\">Anmeldeportal <\/a><strong>Alle bisher schon angemeldeten Kinder, welche noch keine Vertragsunterlagen haben, m\u00fcssen bitte erneut angemeldet werden!<\/strong><\/p>\n<p>Ihre Anmeldungen werden im Fr\u00fchjahr des Aufnahmejahrs bearbeitet., z. B. bei Aufnahme zum September 2026 oder Dezember 2026, erfolgt die Bearbeitung im Fr\u00fchjahr 2026.<\/p>\n<p>Eine Aufnahme von Kindern w\u00e4hrend des Jahres ist nur bei freien Pl\u00e4tzen m\u00f6glich. Hauptaufnahme der Kinder erfolgt zum neuen Kindergartenjahr, da durch die Einschulung die Pl\u00e4tze frei werden.<\/p>\n<p>&nbsp;<\/p>\n<p>&nbsp;<\/p>\n<p>&nbsp;<\/p>\n<p>&nbsp;<\/p>\n<p>&nbsp;<\/p>\n<p>&nbsp;<\/p>\n<p>&nbsp;<\/p>\n<h2><\/h2>\n<p>&nbsp;<\/p>\n<p>&nbsp;<\/p>\n<p>&nbsp;<\/p>\n","protected":false},"excerpt":{"rendered":"<p>Katholischer Kindergarten St. Elisabeth Brunnenstra\u00dfe 40 63768 H\u00f6sbach Tel. 06021 \/ 5 24 77 kindergartenelisabeth@web.de &nbsp; \u00d6ffnungszeiten t\u00e4glich ab 07:15 Uhr Montag bis 16 Uhr Dienstag bis Donnerstag bis 15 Uhr Freitag bis 14:30 Uhr Die angebotenen \u00d6ffnungszeiten orientieren sich &hellip; <a href=\"https:\/\/wp.hoesbach.net\/?page_id=16\">Weiterlesen <span class=\"meta-nav\">&rarr;<\/span><\/a><\/p>\n","protected":false},"author":1,"featured_media":0,"parent":0,"menu_order":0,"comment_status":"closed","ping_status":"open","template":"","meta":{"footnotes":""},"class_list":["post-16","page","type-page","status-publish","hentry"],"_links":{"self":[{"href":"https:\/\/wp.hoesbach.net\/index.php?rest_route=\/wp\/v2\/pages\/16"}],"collection":[{"href":"https:\/\/wp.hoesbach.net\/index.php?rest_route=\/wp\/v2\/pages"}],"about":[{"href":"https:\/\/wp.hoesbach.net\/index.php?rest_route=\/wp\/v2\/types\/page"}],"author":[{"embeddable":true,"href":"https:\/\/wp.hoesbach.net\/index.php?rest_route=\/wp\/v2\/users\/1"}],"replies":[{"embeddable":true,"href":"https:\/\/wp.hoesbach.net\/index.php?rest_route=%2Fwp%2Fv2%2Fcomments&post=16"}],"version-history":[{"count":42,"href":"https:\/\/wp.hoesbach.net\/index.php?rest_route=\/wp\/v2\/pages\/16\/revisions"}],"predecessor-version":[{"id":2124,"href":"https:\/\/wp.hoesbach.net\/index.php?rest_route=\/wp\/v2\/pages\/16\/revisions\/2124"}],"wp:attachment":[{"href":"https:\/\/wp.hoesbach.net\/index.php?rest_route=%2Fwp%2Fv2%2Fmedia&parent=16"}],"curies":[{"name":"wp","href":"https:\/\/api.w.org\/{rel}","templated":true}]}}